{"id":1750,"date":"2021-11-15T00:45:36","date_gmt":"2021-11-15T00:45:36","guid":{"rendered":"http:\/\/tresde.ar\/?post_type=product&#038;p=1750"},"modified":"2021-11-15T00:45:36","modified_gmt":"2021-11-15T00:45:36","slug":"60-aniversario","status":"publish","type":"product","link":"http:\/\/tresde.ar\/?product=60-aniversario","title":{"rendered":"60 Aniversario"},"content":{"rendered":"","protected":false},"excerpt":{"rendered":"<div class=\"woocommerce-product-details__short-description\">\n<div class=\"term-description\">\n<p>Hacemos toppers estandars ( Felicidades \/ Feliz Cumple \/ Feliz d\u00eda \/ Felices fiestas etc) y tambi\u00e9n personalizados con el nombre del cumplea\u00f1er@ \/ los que se casan \/ alg\u00fan mensaje en particular\u2026.<\/p>\n<p>No hay compra m\u00ednima y te ofrecemos descuento por cantidades. Tenemos una amplia variedad de colores para elegir.<\/p>\n<p>Podemos hacerlos en distintos tama\u00f1os seg\u00fan lo precises. Por ejemplo est\u00e1n los de 5 cm para pinchitos de picadas o mini tortas hasta 29 cm de alto para centros de mesas o arreglos florales<\/p>\n<p>Tambi\u00e9n podemos convertir el logo de tu emprendimiento en toppers para que acompa\u00f1es tus entregas<\/p>\n<\/div>\n<\/div>\n","protected":false},"featured_media":1747,"comment_status":"open","ping_status":"closed","template":"","meta":{"_mi_skip_tracking":false,"_monsterinsights_sitenote_active":false,"_monsterinsights_sitenote_note":"","_monsterinsights_sitenote_category":0},"product_cat":[18,87],"product_tag":[],"class_list":{"0":"post-1750","1":"product","2":"type-product","3":"status-publish","4":"has-post-thumbnail","6":"product_cat-cake-toppers","7":"product_cat-numeros","9":"first","10":"instock","11":"shipping-taxable","12":"product-type-simple"},"aioseo_notices":[],"jetpack_sharing_enabled":true,"_links":{"self":[{"href":"http:\/\/tresde.ar\/index.php?rest_route=\/wp\/v2\/product\/1750","targetHints":{"allow":["GET"]}}],"collection":[{"href":"http:\/\/tresde.ar\/index.php?rest_route=\/wp\/v2\/product"}],"about":[{"href":"http:\/\/tresde.ar\/index.php?rest_route=\/wp\/v2\/types\/product"}],"replies":[{"embeddable":true,"href":"http:\/\/tresde.ar\/index.php?rest_route=%2Fwp%2Fv2%2Fcomments&post=1750"}],"version-history":[{"count":1,"href":"http:\/\/tresde.ar\/index.php?rest_route=\/wp\/v2\/product\/1750\/revisions"}],"predecessor-version":[{"id":1751,"href":"http:\/\/tresde.ar\/index.php?rest_route=\/wp\/v2\/product\/1750\/revisions\/1751"}],"wp:featuredmedia":[{"embeddable":true,"href":"http:\/\/tresde.ar\/index.php?rest_route=\/wp\/v2\/media\/1747"}],"wp:attachment":[{"href":"http:\/\/tresde.ar\/index.php?rest_route=%2Fwp%2Fv2%2Fmedia&parent=1750"}],"wp:term":[{"taxonomy":"product_cat","embeddable":true,"href":"http:\/\/tresde.ar\/index.php?rest_route=%2Fwp%2Fv2%2Fproduct_cat&post=1750"},{"taxonomy":"product_tag","embeddable":true,"href":"http:\/\/tresde.ar\/index.php?rest_route=%2Fwp%2Fv2%2Fproduct_tag&post=1750"}],"curies":[{"name":"wp","href":"https:\/\/api.w.org\/{rel}","templated":true}]}}